{"id":16,"date":"2023-11-02T09:18:24","date_gmt":"2023-11-02T09:18:24","guid":{"rendered":"https:\/\/queisser-consulting.net\/?page_id=16"},"modified":"2023-11-02T09:18:24","modified_gmt":"2023-11-02T09:18:24","slug":"impressum-2","status":"publish","type":"page","link":"https:\/\/queisser-consulting.net\/?page_id=16&lang=en","title":{"rendered":"Impressum"},"content":{"rendered":"\n<figure class=\"wp-block-table\"><table><tbody><tr><td colspan=\"2\"><strong>IMPRESSUM<\/strong>&nbsp;<br><br>Angaben gem\u00e4\u00df \u00a7 5 TMG:&nbsp;<br>Johannes Queisser<br><strong>Queisser Aftersales Consulting<\/strong><br>Am B\u00e4chenbuckel 38<br>69118 Heidelberg Germany<br><br>&#8211;&nbsp;Unternehmensberater&nbsp;\/ Consulting \/ Senior Advisor &#8211;&nbsp;&nbsp;<br><strong>Kontakt<\/strong><br>Telefon: +491735340225<br>E-Mail:&nbsp;johannes.queisser(at)queisser-consulting.net&nbsp;<br>Umsatzsteuer-Identifikationsnummer gem\u00e4\u00df \u00a7 27 a Umsatzsteuergesetz:DE278181028&nbsp;<br>Lieferantennummer: DUNS&nbsp;342800985<br>__________________________________________________&nbsp;&nbsp;<\/td><td><\/td><\/tr><\/tbody><\/table><figcaption class=\"wp-element-caption\">&nbsp;<br><strong>DATENSCHUTZERKL\u00c4RUNG<\/strong><br>Diese Website ist ein Angebot von Queisser Aftersales Consulting.&nbsp;Die Nutzung unserer Seite ist ohne eine Angabe von personenbezogenen Daten m\u00f6glich.&nbsp;&nbsp;<br><br><strong>HOSTING<\/strong><br>Die von uns in Anspruch genommenen Hosting-Leistungen dienen der Zurverf\u00fcgungstellung der folgenden Leistungen: Infrastruktur- und Plattformdienstleistungen, Speicherplatz und Datenbankdienste, E-Mail-Versand, Sicherheitsleistungen sowie technische Wartungsleistungen, die wir zum Zwecke des Betriebs dieses Onlineangebotes einsetzen.&nbsp;<br>Hierbei verarbeiten wir, bzw. unser&nbsp;Hostinganbieter&nbsp;Bestandsdaten, Kontaktdaten, Inhaltsdaten, Vertragsdaten, Nutzungsdaten, Meta- und Kommunikationsdaten von Kunden, Interessenten und Besuchern dieses Onlineangebotes auf Grundlage unserer berechtigten Interessen an einer effizienten und sicheren Zurverf\u00fcgungstellung dieses Onlineangebotes gem. Art. 6 Abs. 1&nbsp;lit. f DSGVO&nbsp;i.V.m. Art. 28 DSGVO (Abschluss Auftragsverarbeitungsvertrag).<\/figcaption><\/figure>\n\n\n\n<p><strong>URHEBERRECHT<\/strong><\/p>\n\n\n\n<p>Die durch die Seitenbetreiber erstellten Inhalte und Werke auf diesen Seiten unterliegen dem deutschen Urheberrecht. Die Vervielf\u00e4ltigung, Bearbeitung, Verbreitung und jede Art der Verwertung au\u00dferhalb der Grenzen des Urheberrechtes bed\u00fcrfen der schriftlichen Zustimmung des jeweiligen Autors bzw. Erstellers. Downloads und Kopien dieser Seite sind nur f\u00fcr den privaten, nicht kommerziellen Gebrauch gestattet.Soweit die Inhalte auf dieser Seite nicht vom Betreiber erstellt wurden, werden die Urheberrechte Dritter beachtet. Insbesondere werden Inhalte Dritter als solche gekennzeichnet. Sollten Sie trotzdem auf eine Urheberrechtsverletzung aufmerksam werden, bitten wir um einen entsprechenden Hinweis. Bei Bekanntwerden von Rechtsverletzungen werden wir derartige Inhalte umgehend entfernen.<\/p>\n\n\n\n<p><strong>ZUS\u00c4TZLICHE INFORMATIONEN<\/strong><\/p>\n\n\n\n<p>Als&nbsp;Diensteanbieter&nbsp;sind wir gem\u00e4\u00df \u00a7 7 Abs.1 TMG f\u00fcr eigene Inhalte auf diesen Seiten nach den allgemeinen Gesetzen verantwortlich. Nach \u00a7\u00a7 8 bis 10 TMG sind wir als&nbsp;Diensteanbieter&nbsp;jedoch nicht verpflichtet, \u00fcbermittelte oder gespeicherte fremde Informationen zu \u00fcberwachen oder nach Umst\u00e4nden zu forschen, die auf eine rechtswidrige T\u00e4tigkeit hinweisen.Verpflichtungen zur Entfernung oder Sperrung der Nutzung von Informationen nach den allgemeinen Gesetzen bleiben hiervon unber\u00fchrt. Eine diesbez\u00fcgliche Haftung ist jedoch erst ab dem Zeitpunkt der Kenntnis einer konkreten Rechtsverletzung m\u00f6glich. Bei Bekanntwerden von entsprechenden Rechtsverletzungen werden wir diese Inhalte umgehend entfernen.<\/p>\n","protected":false},"excerpt":{"rendered":"<p>IMPRESSUM&nbsp; Angaben gem\u00e4\u00df \u00a7 5 TMG:&nbsp;Johannes QueisserQueisser Aftersales ConsultingAm B\u00e4chenbuckel 3869118 Heidelberg Germany &#8211;&nbsp;Unternehmensberater&nbsp;\/ Consulting \/ Senior Advisor &#8211;&nbsp;&nbsp;KontaktTelefon: +491735340225E-Mail:&nbsp;johannes.queisser(at)queisser-consulting.net&nbsp;Umsatzsteuer-Identifikationsnummer gem\u00e4\u00df \u00a7 27 a Umsatzsteuergesetz:DE278181028&nbsp;Lieferantennummer: &hellip;<\/p>\n","protected":false},"author":1,"featured_media":0,"parent":0,"menu_order":0,"comment_status":"closed","ping_status":"closed","template":"","meta":{"footnotes":""},"class_list":["post-16","page","type-page","status-publish","hentry"],"_links":{"self":[{"href":"https:\/\/queisser-consulting.net\/index.php?rest_route=\/wp\/v2\/pages\/16","targetHints":{"allow":["GET"]}}],"collection":[{"href":"https:\/\/queisser-consulting.net\/index.php?rest_route=\/wp\/v2\/pages"}],"about":[{"href":"https:\/\/queisser-consulting.net\/index.php?rest_route=\/wp\/v2\/types\/page"}],"author":[{"embeddable":true,"href":"https:\/\/queisser-consulting.net\/index.php?rest_route=\/wp\/v2\/users\/1"}],"replies":[{"embeddable":true,"href":"https:\/\/queisser-consulting.net\/index.php?rest_route=%2Fwp%2Fv2%2Fcomments&post=16"}],"version-history":[{"count":1,"href":"https:\/\/queisser-consulting.net\/index.php?rest_route=\/wp\/v2\/pages\/16\/revisions"}],"predecessor-version":[{"id":20,"href":"https:\/\/queisser-consulting.net\/index.php?rest_route=\/wp\/v2\/pages\/16\/revisions\/20"}],"wp:attachment":[{"href":"https:\/\/queisser-consulting.net\/index.php?rest_route=%2Fwp%2Fv2%2Fmedia&parent=16"}],"curies":[{"name":"wp","href":"https:\/\/api.w.org\/{rel}","templated":true}]}}