{"id":13,"date":"2023-11-02T09:17:39","date_gmt":"2023-11-02T09:17:39","guid":{"rendered":"https:\/\/queisser-consulting.net\/?page_id=13"},"modified":"2023-11-07T18:53:10","modified_gmt":"2023-11-07T18:53:10","slug":"beratungsangebot","status":"publish","type":"page","link":"https:\/\/queisser-consulting.net\/?page_id=13","title":{"rendered":"Beratungsangebot"},"content":{"rendered":"\n<h2 class=\"wp-block-heading has-large-font-size\"><strong>Sie m\u00f6chten &#8230;<\/strong><\/h2>\n\n\n\n<ul class=\"wp-block-list\">\n<li>Potenziale in Service und Aftermarket besser nutzen<\/li>\n\n\n\n<li>Umsatz, Ergebnis sowie Kundenzufriedenheit steigern<\/li>\n\n\n\n<li>profitabel mit dem Bereich Parts &amp; Service wachsen<\/li>\n\n\n\n<li>eine leistungsf\u00e4hige Ersatzteillogistik, die schnell, flexibel und zuverl\u00e4ssig ist<\/li>\n\n\n\n<li>einen h\u00f6heren Lieferservice bei niedrigeren Best\u00e4nden als heute<\/li>\n\n\n\n<li>ein attraktives Angebot f\u00fcr Ersatzteile, Reparaturen, Instandhaltung und Full Service<\/li>\n\n\n\n<li>sicher sein, dass ein komplexes Aftersales Projekt professionell gef\u00fchrt und erfolgreich wird<\/li>\n\n\n\n<li>Ihren Mitbewerbern immer einen Schritt voraus sein<\/li>\n<\/ul>\n\n\n\n<h4 class=\"wp-block-heading has-large-font-size\"><strong>Der Ansatz<\/strong><\/h4>\n\n\n\n<p><strong>Minimal-invasive Beratung<\/strong><\/p>\n\n\n\n<ul class=\"wp-block-list\">\n<li>Kein gro\u00dfer Beraterstab sondern viel Erfahrung, dosiert und spezifisch<\/li>\n\n\n\n<li>Hohes pers\u00f6nliches Engagement<\/li>\n\n\n\n<li>Erfolge gemeinsam realisieren<\/li>\n<\/ul>\n\n\n\n<p><strong>Den Blick auf die erfolgreiche Implementierung gerichtet<\/strong><\/p>\n\n\n\n<ul class=\"wp-block-list\">\n<li>Klare Strategie<\/li>\n\n\n\n<li>Effiziente Organisation und Prozesse<\/li>\n\n\n\n<li>Offene, transparente Kommunikation<\/li>\n\n\n\n<li>Konzentration auf kritische Erfolgsfaktoren&nbsp;<\/li>\n<\/ul>\n\n\n\n<p><strong>Spezifisches Aftermarket und Top-Management know-how<\/strong><\/p>\n\n\n\n<ul class=\"wp-block-list\">\n<li>Pers\u00f6nliches Coaching der Fach- und F\u00fchrungskr\u00e4fte<\/li>\n\n\n\n<li>Globale Erfahrung, international t\u00e4tig<\/li>\n\n\n\n<li>Seniorit\u00e4t \u2013 20 Jahre Beratungs- und Top-Management-Erfahrung<\/li>\n\n\n\n<li>Benchmarking know-how<\/li>\n<\/ul>\n\n\n\n<p><strong>Gute Projekt-Kosten-Nutzen-Relation<\/strong><\/p>\n\n\n\n<h2 class=\"wp-block-heading has-large-font-size\">Die L\u00f6sung<\/h2>\n\n\n\n<ul class=\"wp-block-list\">\n<li>100% kunden-spezifisch<\/li>\n\n\n\n<li>Ma\u00dfgeschneidert<\/li>\n\n\n\n<li>Markt- und kundenorientiert<\/li>\n\n\n\n<li>Prozess- und systemorientiert<\/li>\n\n\n\n<li>Best-in-Class, Benchmark-Niveau, innovativ<\/li>\n\n\n\n<li>Gemeinsam erfolgreich realisiert!<\/li>\n<\/ul>\n","protected":false},"excerpt":{"rendered":"<p>Sie m\u00f6chten &#8230; Der Ansatz Minimal-invasive Beratung Den Blick auf die erfolgreiche Implementierung gerichtet Spezifisches Aftermarket und Top-Management know-how Gute Projekt-Kosten-Nutzen-Relation Die L\u00f6sung<\/p>\n","protected":false},"author":1,"featured_media":0,"parent":0,"menu_order":0,"comment_status":"closed","ping_status":"closed","template":"","meta":{"footnotes":""},"class_list":["post-13","page","type-page","status-publish","hentry"],"_links":{"self":[{"href":"https:\/\/queisser-consulting.net\/index.php?rest_route=\/wp\/v2\/pages\/13","targetHints":{"allow":["GET"]}}],"collection":[{"href":"https:\/\/queisser-consulting.net\/index.php?rest_route=\/wp\/v2\/pages"}],"about":[{"href":"https:\/\/queisser-consulting.net\/index.php?rest_route=\/wp\/v2\/types\/page"}],"author":[{"embeddable":true,"href":"https:\/\/queisser-consulting.net\/index.php?rest_route=\/wp\/v2\/users\/1"}],"replies":[{"embeddable":true,"href":"https:\/\/queisser-consulting.net\/index.php?rest_route=%2Fwp%2Fv2%2Fcomments&post=13"}],"version-history":[{"count":7,"href":"https:\/\/queisser-consulting.net\/index.php?rest_route=\/wp\/v2\/pages\/13\/revisions"}],"predecessor-version":[{"id":123,"href":"https:\/\/queisser-consulting.net\/index.php?rest_route=\/wp\/v2\/pages\/13\/revisions\/123"}],"wp:attachment":[{"href":"https:\/\/queisser-consulting.net\/index.php?rest_route=%2Fwp%2Fv2%2Fmedia&parent=13"}],"curies":[{"name":"wp","href":"https:\/\/api.w.org\/{rel}","templated":true}]}}